{"id":830,"date":"2024-02-18T11:55:14","date_gmt":"2024-02-18T16:55:14","guid":{"rendered":"https:\/\/encans.machineriesbst.com\/?post_type=product&#038;p=830"},"modified":"2024-10-14T06:04:08","modified_gmt":"2024-10-14T10:04:08","slug":"unite-de-2-pompes-bush-model-mink-mm-1252-av","status":"publish","type":"product","link":"https:\/\/encans.machineriesbst.com\/en\/product\/unite-de-2-pompes-bush-model-mink-mm-1252-av\/","title":{"rendered":"Unit of 2 Bush model Mink MM 1252 AV pumps"},"content":{"rendered":"<p>Bush vacuum pump<\/p>\n<p>The Busch Mink rotary claw pump is an ideal high-performance solution for powerful vacuum maintenance. It provides a constant vacuum and is therefore suitable for use in a variety of applications on all CNC routers.<\/p>\n<p>The mink pump can work continuously if necessary. The rotors&#039; contactless design extends pump life with little maintenance.<\/p>\n<p>&nbsp;<\/p>\n<table width=\"1200\">\n<tbody>\n<tr>\n<td width=\"421\"><strong>TECHNICAL DATA<\/strong><\/td>\n<td width=\"3\"><\/td>\n<td colspan=\"2\" width=\"768\"><strong>MINK MM 1252 AV<\/strong><\/td>\n<\/tr>\n<tr>\n<td width=\"421\">Rated pumping speed<\/td>\n<td colspan=\"2\" width=\"5\"><\/td>\n<td width=\"766\">171 ACFM<\/td>\n<\/tr>\n<tr>\n<td width=\"421\">Final pressure<\/td>\n<td colspan=\"2\" width=\"5\"><\/td>\n<td width=\"766\">75 TORR<\/td>\n<\/tr>\n<tr>\n<td width=\"421\">Final pressure (continuous operation)<\/td>\n<td colspan=\"2\" width=\"5\"><\/td>\n<td width=\"766\">150 TORR<\/td>\n<\/tr>\n<tr>\n<td width=\"421\">Rated motor power<\/td>\n<td colspan=\"2\" width=\"5\"><\/td>\n<td width=\"766\">9.1 HP<\/td>\n<\/tr>\n<tr>\n<td width=\"421\">Rated motor rotation speed<\/td>\n<td colspan=\"2\" width=\"5\"><\/td>\n<td width=\"766\">3600 RPM<\/td>\n<\/tr>\n<tr>\n<td width=\"421\">Noise level (ISO 2151)<\/td>\n<td colspan=\"2\" width=\"5\"><\/td>\n<td width=\"766\">79dB(A)<\/td>\n<\/tr>\n<tr>\n<td width=\"421\">Oil capacity<\/td>\n<td colspan=\"2\" width=\"5\">.<\/td>\n<td width=\"766\">1.0 qts.<\/td>\n<\/tr>\n<tr>\n<td width=\"421\">Weight approx.<\/td>\n<td colspan=\"2\" width=\"5\">.<\/td>\n<td width=\"766\">620 lbs.<\/td>\n<\/tr>\n<tr>\n<td width=\"421\">Dimensions (L x W x H)<\/td>\n<td colspan=\"2\" width=\"5\"><\/td>\n<td width=\"766\">45.5 x 21.5 x 17.9 inches<\/td>\n<\/tr>\n<tr>\n<td width=\"421\">Gas suction<\/td>\n<td colspan=\"2\" width=\"5\"><\/td>\n<td width=\"766\">2\"<\/td>\n<\/tr>\n<tr>\n<td width=\"421\">Gas exhaust<\/td>\n<td colspan=\"2\" width=\"5\"><\/td>\n<td width=\"766\">1&quot;NPT<\/td>\n<\/tr>\n<tr>\n<td width=\"424\"><\/td>\n<td width=\"5\"><\/td>\n<td width=\"2\"><\/td>\n<td width=\"769\"><\/td>\n<\/tr>\n<\/tbody>\n<\/table>\n<p>&nbsp;<\/p>","protected":false},"excerpt":{"rendered":"<p style=\"margin-top: 0cm; background: white;\"><span style=\"font-family: Roboto; color: #555555;\">Bush vacuum pump<\/span><\/p>\n<p style=\"background: white;\"><span style=\"font-family: 'Lato',sans-serif; color: #777777; letter-spacing: .55pt;\">The Busch Mink rotary claw pump is an ideal high-performance solution for powerful vacuum maintenance. It provides a constant vacuum and is therefore suitable for use in a variety of applications on all CNC routers.<\/span><\/p>","protected":false},"featured_media":919,"comment_status":"open","ping_status":"closed","template":"","meta":[],"yoast_head":"<!-- This site is optimized with the Yoast SEO plugin v15.9.1 - https:\/\/yoast.com\/wordpress\/plugins\/seo\/ -->\n<title>Unit\u00e9 de 2 pompes Bush model Mink MM 1252 AV - Encans MachineriesBST<\/title>\n<link rel=\"canonical\" href=\"https:\/\/encans.machineriesbst.com\/en\/product\/unite-de-2-pompes-bush-model-mink-mm-1252-av\/\" \/>\n<meta property=\"og:locale\" content=\"en_US\" \/>\n<meta property=\"og:type\" content=\"article\" \/>\n<meta property=\"og:title\" content=\"Unit\u00e9 de 2 pompes Bush model Mink MM 1252 AV - Encans MachineriesBST\" \/>\n<meta property=\"og:description\" content=\"Pompe vacuum bush La pompe rotative \u00e0 griffes Busch Mink est une solution haute performance id\u00e9ale pour un maintien puissant du vide. Il fournit un vide constant et convient donc \u00e0 une utilisation dans une vari\u00e9t\u00e9 d&#039;applications sur tous les routeurs CNC.\" \/>\n<meta property=\"og:url\" content=\"https:\/\/encans.machineriesbst.com\/en\/product\/unite-de-2-pompes-bush-model-mink-mm-1252-av\/\" \/>\n<meta property=\"og:site_name\" content=\"Encans MachineriesBST\" \/>\n<meta property=\"article:modified_time\" content=\"2024-10-14T10:04:08+00:00\" \/>\n<meta property=\"og:image\" content=\"https:\/\/encans.machineriesbst.com\/wp-content\/uploads\/2024\/02\/PXL_20240208_161636179-scaled.jpg\" \/>\n\t<meta property=\"og:image:width\" content=\"1928\" \/>\n\t<meta property=\"og:image:height\" content=\"2560\" \/>\n<meta name=\"twitter:card\" content=\"summary_large_image\" \/>\n<meta name=\"twitter:label1\" content=\"Est. reading time\">\n\t<meta name=\"twitter:data1\" content=\"1 minute\">\n<script type=\"application\/ld+json\" class=\"yoast-schema-graph\">{\"@context\":\"https:\/\/schema.org\",\"@graph\":[{\"@type\":\"WebSite\",\"@id\":\"https:\/\/encans.machineriesbst.com\/#website\",\"url\":\"https:\/\/encans.machineriesbst.com\/\",\"name\":\"Encans MachineriesBST\",\"description\":\"Encans de machineries et divers\",\"potentialAction\":[{\"@type\":\"SearchAction\",\"target\":\"https:\/\/encans.machineriesbst.com\/?s={search_term_string}\",\"query-input\":\"required name=search_term_string\"}],\"inLanguage\":\"en-CA\"},{\"@type\":\"ImageObject\",\"@id\":\"https:\/\/encans.machineriesbst.com\/product\/unite-de-2-pompes-bush-model-mink-mm-1252-av\/#primaryimage\",\"inLanguage\":\"en-CA\",\"url\":\"https:\/\/encans.machineriesbst.com\/wp-content\/uploads\/2024\/02\/PXL_20240208_161636179-scaled.jpg\",\"width\":1928,\"height\":2560},{\"@type\":\"WebPage\",\"@id\":\"https:\/\/encans.machineriesbst.com\/product\/unite-de-2-pompes-bush-model-mink-mm-1252-av\/#webpage\",\"url\":\"https:\/\/encans.machineriesbst.com\/product\/unite-de-2-pompes-bush-model-mink-mm-1252-av\/\",\"name\":\"Unit\\u00e9 de 2 pompes Bush model Mink MM 1252 AV - Encans MachineriesBST\",\"isPartOf\":{\"@id\":\"https:\/\/encans.machineriesbst.com\/#website\"},\"primaryImageOfPage\":{\"@id\":\"https:\/\/encans.machineriesbst.com\/product\/unite-de-2-pompes-bush-model-mink-mm-1252-av\/#primaryimage\"},\"datePublished\":\"2024-02-18T16:55:14+00:00\",\"dateModified\":\"2024-10-14T10:04:08+00:00\",\"breadcrumb\":{\"@id\":\"https:\/\/encans.machineriesbst.com\/product\/unite-de-2-pompes-bush-model-mink-mm-1252-av\/#breadcrumb\"},\"inLanguage\":\"en-CA\",\"potentialAction\":[{\"@type\":\"ReadAction\",\"target\":[\"https:\/\/encans.machineriesbst.com\/product\/unite-de-2-pompes-bush-model-mink-mm-1252-av\/\"]}]},{\"@type\":\"BreadcrumbList\",\"@id\":\"https:\/\/encans.machineriesbst.com\/product\/unite-de-2-pompes-bush-model-mink-mm-1252-av\/#breadcrumb\",\"itemListElement\":[{\"@type\":\"ListItem\",\"position\":1,\"item\":{\"@type\":\"WebPage\",\"@id\":\"https:\/\/encans.machineriesbst.com\/\",\"url\":\"https:\/\/encans.machineriesbst.com\/\",\"name\":\"Accueil\"}},{\"@type\":\"ListItem\",\"position\":2,\"item\":{\"@type\":\"WebPage\",\"@id\":\"https:\/\/encans.machineriesbst.com\/shop\/\",\"url\":\"https:\/\/encans.machineriesbst.com\/shop\/\",\"name\":\"Shop\"}},{\"@type\":\"ListItem\",\"position\":3,\"item\":{\"@type\":\"WebPage\",\"@id\":\"https:\/\/encans.machineriesbst.com\/product\/unite-de-2-pompes-bush-model-mink-mm-1252-av\/\",\"url\":\"https:\/\/encans.machineriesbst.com\/product\/unite-de-2-pompes-bush-model-mink-mm-1252-av\/\",\"name\":\"Unit\\u00e9 de 2 pompes Bush model Mink MM 1252 AV\"}}]}]}<\/script>\n<!-- \/ Yoast SEO plugin. -->","_links":{"self":[{"href":"https:\/\/encans.machineriesbst.com\/en\/wp-json\/wp\/v2\/product\/830"}],"collection":[{"href":"https:\/\/encans.machineriesbst.com\/en\/wp-json\/wp\/v2\/product"}],"about":[{"href":"https:\/\/encans.machineriesbst.com\/en\/wp-json\/wp\/v2\/types\/product"}],"replies":[{"embeddable":true,"href":"https:\/\/encans.machineriesbst.com\/en\/wp-json\/wp\/v2\/comments?post=830"}],"wp:featuredmedia":[{"embeddable":true,"href":"https:\/\/encans.machineriesbst.com\/en\/wp-json\/wp\/v2\/media\/919"}],"wp:attachment":[{"href":"https:\/\/encans.machineriesbst.com\/en\/wp-json\/wp\/v2\/media?parent=830"}],"curies":[{"name":"wp","href":"https:\/\/api.w.org\/{rel}","templated":true}]}}