{"id":796,"date":"2024-02-18T11:08:49","date_gmt":"2024-02-18T16:08:49","guid":{"rendered":"https:\/\/encans.machineriesbst.com\/?post_type=product&#038;p=796"},"modified":"2024-11-23T21:38:18","modified_gmt":"2024-11-24T02:38:18","slug":"cnc-scm-patrix-s15-b","status":"publish","type":"product","link":"https:\/\/encans.machineriesbst.com\/en\/product\/cnc-scm-patrix-s15-b\/","title":{"rendered":"CNC SCM Patrix S15 B"},"content":{"rendered":"<p>&nbsp;<\/p>\n<p>the grid pattern allows the use of vacuum capsules or closed-cell rope sealing materials and the use of spoilboards for \u201cnested base machining\u201d;<\/p>\n<p>Part location pop-up pins mounted on the perimeter of the table.<\/p>\n<p>Working area \u201cX\u201d axis is 145.2\u201d (3686 mm); \u201cY\u201d axis is 61.2\u201d (1555 mm); \u201cZ\u201d axis travel is 9.84\u201d (250 mm); maximum material thickness 4\u201d (100 mm).<\/p>\n<p>Maximum positioning speed: \u201cX\u201d and \u201cY\u201d axes at 115 FPM (35 MPM), \u201cZ\u201d axis at 82 FPM (26 MPM);<\/p>\n<p>&nbsp;<\/p>\n<p>Closed loop AC servo motor system with high precision \u201crack and pinion\u201d system in \u201cX\u201d and \u201cY\u201d axis and ground ball screw in \u201cZ\u201d axis;<\/p>\n<p>All axes ride on extra-wide precision profile linear guides.<\/p>\n<p>Boring head: 3 HP (2.2 kW) - 6,000 rpm motor; (7) vertical pins on 32mm centers, (5) pins on the &quot;X&quot; axis, and (2) pins on the &quot;Y&quot; axis.<\/p>\n<p>Main spindle: (1) 9 HP (6.7 kW) air-cooled electrospindle with HSK F63 adapter;<\/p>\n<p>variable spindle speeds from 1,500 to 24,000 rpm;<\/p>\n<p>(1) 10-position ATC tool rack mounted on the right side of the machine base.<\/p>\n<p>Front-End PC with: \u201cMaestro CNC\u201d operating system; High-resolution 17&quot; LCD screen; ergonomic keyboard; USB ports, RS-232 and RS-242 serial ports and Ethernet adapter; programs can be transferred via disk or download over wire is possible<\/p>\n<p>Transformer, vacuum pumps included.<\/p>\n<p>IMPORTANT<\/p>\n<p>Dismantling and trucking costs are 1,500 Canadian $ for this CNC in addition to any other costs during the auction.<\/p>\n<p>&nbsp;<\/p>","protected":false},"excerpt":{"rendered":"<p>SCM Patrix S15 B\u00a0 ann\u00e9e 2013<\/p>\n<p>Cette machine CNC a \u00e9t\u00e9 l\u00e9g\u00e8rement utilis\u00e9e et tr\u00e8s bien entretenue. Utilis\u00e9 uniquement dans un petit atelier.<\/p>\n<p>Rallonge de table incluse avec port de collecte de poussi\u00e8re.<\/p>\n<p>\u00ab Bridge Gantry \u00bb mobile en aluminium de 5' x 12' et table stationnaire \u00e0 double aspirateur avec un motif de grille carr\u00e9e \u00ab MATRIX \u00bb pour les pi\u00e8ces de fixation\u00a0;<\/p>\n<p>Des frais de d\u00e9ment\u00e8lement et de mise sur camion est de 1,500 $ canadien pour ce CNC seront ajout\u00e9 en surplus de tout autres frais lors de l'encan.<\/p>\n<p>&nbsp;<\/p>","protected":false},"featured_media":932,"comment_status":"open","ping_status":"closed","template":"","meta":[],"yoast_head":"<!-- This site is optimized with the Yoast SEO plugin v15.9.1 - https:\/\/yoast.com\/wordpress\/plugins\/seo\/ -->\n<title>CNC SCM Patrix S15 B - Encans MachineriesBST<\/title>\n<link rel=\"canonical\" href=\"https:\/\/encans.machineriesbst.com\/en\/product\/cnc-scm-patrix-s15-b\/\" \/>\n<meta property=\"og:locale\" content=\"en_US\" \/>\n<meta property=\"og:type\" content=\"article\" \/>\n<meta property=\"og:title\" content=\"CNC SCM Patrix S15 B - Encans MachineriesBST\" \/>\n<meta property=\"og:description\" content=\"SCM Patrix S15 B\u00a0 ann\u00e9e 2013  Cette machine CNC a \u00e9t\u00e9 l\u00e9g\u00e8rement utilis\u00e9e et tr\u00e8s bien entretenue. Utilis\u00e9 uniquement dans un petit atelier.  Rallonge de table incluse avec port de collecte de poussi\u00e8re.  \u00ab Bridge Gantry \u00bb mobile en aluminium de 5&#039; x 12&#039; et table stationnaire \u00e0 double aspirateur avec un motif de grille carr\u00e9e \u00ab MATRIX \u00bb pour les pi\u00e8ces de fixation\u00a0;  Des frais de d\u00e9ment\u00e8lement et de mise sur camion est de 1,500 $ canadien pour ce CNC seront ajout\u00e9 en surplus de tout autres frais lors de l&#039;encan.  &nbsp;\" \/>\n<meta property=\"og:url\" content=\"https:\/\/encans.machineriesbst.com\/en\/product\/cnc-scm-patrix-s15-b\/\" \/>\n<meta property=\"og:site_name\" content=\"Encans MachineriesBST\" \/>\n<meta property=\"article:modified_time\" content=\"2024-11-24T02:38:18+00:00\" \/>\n<meta property=\"og:image\" content=\"https:\/\/encans.machineriesbst.com\/wp-content\/uploads\/2024\/02\/PXL_20240208_160335877-scaled.jpg\" \/>\n\t<meta property=\"og:image:width\" content=\"2560\" \/>\n\t<meta property=\"og:image:height\" content=\"1928\" \/>\n<meta name=\"twitter:card\" content=\"summary_large_image\" \/>\n<meta name=\"twitter:label1\" content=\"Est. reading time\">\n\t<meta name=\"twitter:data1\" content=\"2 minutes\">\n<script type=\"application\/ld+json\" class=\"yoast-schema-graph\">{\"@context\":\"https:\/\/schema.org\",\"@graph\":[{\"@type\":\"WebSite\",\"@id\":\"https:\/\/encans.machineriesbst.com\/#website\",\"url\":\"https:\/\/encans.machineriesbst.com\/\",\"name\":\"Encans MachineriesBST\",\"description\":\"Encans de machineries et divers\",\"potentialAction\":[{\"@type\":\"SearchAction\",\"target\":\"https:\/\/encans.machineriesbst.com\/?s={search_term_string}\",\"query-input\":\"required name=search_term_string\"}],\"inLanguage\":\"en-CA\"},{\"@type\":\"ImageObject\",\"@id\":\"https:\/\/encans.machineriesbst.com\/product\/cnc-scm-patrix-s15-b\/#primaryimage\",\"inLanguage\":\"en-CA\",\"url\":\"https:\/\/encans.machineriesbst.com\/wp-content\/uploads\/2024\/02\/PXL_20240208_160335877-scaled.jpg\",\"width\":2560,\"height\":1928},{\"@type\":\"WebPage\",\"@id\":\"https:\/\/encans.machineriesbst.com\/product\/cnc-scm-patrix-s15-b\/#webpage\",\"url\":\"https:\/\/encans.machineriesbst.com\/product\/cnc-scm-patrix-s15-b\/\",\"name\":\"CNC SCM Patrix S15 B - Encans MachineriesBST\",\"isPartOf\":{\"@id\":\"https:\/\/encans.machineriesbst.com\/#website\"},\"primaryImageOfPage\":{\"@id\":\"https:\/\/encans.machineriesbst.com\/product\/cnc-scm-patrix-s15-b\/#primaryimage\"},\"datePublished\":\"2024-02-18T16:08:49+00:00\",\"dateModified\":\"2024-11-24T02:38:18+00:00\",\"breadcrumb\":{\"@id\":\"https:\/\/encans.machineriesbst.com\/product\/cnc-scm-patrix-s15-b\/#breadcrumb\"},\"inLanguage\":\"en-CA\",\"potentialAction\":[{\"@type\":\"ReadAction\",\"target\":[\"https:\/\/encans.machineriesbst.com\/product\/cnc-scm-patrix-s15-b\/\"]}]},{\"@type\":\"BreadcrumbList\",\"@id\":\"https:\/\/encans.machineriesbst.com\/product\/cnc-scm-patrix-s15-b\/#breadcrumb\",\"itemListElement\":[{\"@type\":\"ListItem\",\"position\":1,\"item\":{\"@type\":\"WebPage\",\"@id\":\"https:\/\/encans.machineriesbst.com\/\",\"url\":\"https:\/\/encans.machineriesbst.com\/\",\"name\":\"Accueil\"}},{\"@type\":\"ListItem\",\"position\":2,\"item\":{\"@type\":\"WebPage\",\"@id\":\"https:\/\/encans.machineriesbst.com\/shop\/\",\"url\":\"https:\/\/encans.machineriesbst.com\/shop\/\",\"name\":\"Shop\"}},{\"@type\":\"ListItem\",\"position\":3,\"item\":{\"@type\":\"WebPage\",\"@id\":\"https:\/\/encans.machineriesbst.com\/product\/cnc-scm-patrix-s15-b\/\",\"url\":\"https:\/\/encans.machineriesbst.com\/product\/cnc-scm-patrix-s15-b\/\",\"name\":\"CNC SCM Patrix S15 B\"}}]}]}<\/script>\n<!-- \/ Yoast SEO plugin. -->","_links":{"self":[{"href":"https:\/\/encans.machineriesbst.com\/en\/wp-json\/wp\/v2\/product\/796"}],"collection":[{"href":"https:\/\/encans.machineriesbst.com\/en\/wp-json\/wp\/v2\/product"}],"about":[{"href":"https:\/\/encans.machineriesbst.com\/en\/wp-json\/wp\/v2\/types\/product"}],"replies":[{"embeddable":true,"href":"https:\/\/encans.machineriesbst.com\/en\/wp-json\/wp\/v2\/comments?post=796"}],"wp:featuredmedia":[{"embeddable":true,"href":"https:\/\/encans.machineriesbst.com\/en\/wp-json\/wp\/v2\/media\/932"}],"wp:attachment":[{"href":"https:\/\/encans.machineriesbst.com\/en\/wp-json\/wp\/v2\/media?parent=796"}],"curies":[{"name":"wp","href":"https:\/\/api.w.org\/{rel}","templated":true}]}}