{"id":757,"date":"2024-01-02T15:02:15","date_gmt":"2024-01-02T20:02:15","guid":{"rendered":"https:\/\/encans.machineriesbst.com\/?post_type=product&#038;p=757"},"modified":"2024-03-14T15:45:47","modified_gmt":"2024-03-14T19:45:47","slug":"planeur-kingmark-52","status":"publish","type":"product","link":"https:\/\/encans.machineriesbst.com\/en\/product\/planeur-kingmark-52\/","title":{"rendered":"KINGMARK 52&#039;&#039; glider"},"content":{"rendered":"<p>Kingmark 1 sided glider<\/p>\n<p>model KWT 13300 B year 2022<\/p>\n<p>Demonstrator never used like new<\/p>\n<p>30 HP engine<\/p>\n<p>width of 1300 mm 52 inches<\/p>\n<p>Training mat<\/p>\n<p>25 mm heavy duty pellet<\/p>\n<p>220 volts 3 phases<\/p>","protected":false},"excerpt":{"rendered":"<p>1-sided glider Kingmark model KWT 13300 B year 2022 Demonstrator never used like new 30 HP engine width of 1300 mm 52 inches Training mat 25 mm pellet heavy duty 220 volts 3 phases<\/p>","protected":false},"featured_media":758,"comment_status":"open","ping_status":"closed","template":"","meta":[],"yoast_head":"<!-- This site is optimized with the Yoast SEO plugin v15.9.1 - https:\/\/yoast.com\/wordpress\/plugins\/seo\/ -->\n<title>Planeur KINGMARK 52&#039;&#039; - Encans MachineriesBST<\/title>\n<link rel=\"canonical\" href=\"https:\/\/encans.machineriesbst.com\/en\/product\/planeur-kingmark-52\/\" \/>\n<meta property=\"og:locale\" content=\"en_US\" \/>\n<meta property=\"og:type\" content=\"article\" \/>\n<meta property=\"og:title\" content=\"Planeur KINGMARK 52&#039;&#039; - Encans MachineriesBST\" \/>\n<meta property=\"og:description\" content=\"Planeur 1 face Kingmark model KWT 13300 B\u00a0 \u00a0ann\u00e9e 2022 D\u00e9monstrateur jamais utilis\u00e9 comme neuf Moteur 30 HP largeur de 1300 mm\u00a0 \u00a052 pouces Tapis d&#039;entrainement Pastille 25 mm heavy duty 220 volts 3 phases\" \/>\n<meta property=\"og:url\" content=\"https:\/\/encans.machineriesbst.com\/en\/product\/planeur-kingmark-52\/\" \/>\n<meta property=\"og:site_name\" content=\"Encans MachineriesBST\" \/>\n<meta property=\"article:modified_time\" content=\"2024-03-14T19:45:47+00:00\" \/>\n<meta property=\"og:image\" content=\"https:\/\/encans.machineriesbst.com\/wp-content\/uploads\/2024\/01\/20220927_103910-1024x488-1.jpg\" \/>\n\t<meta property=\"og:image:width\" content=\"1024\" \/>\n\t<meta property=\"og:image:height\" content=\"488\" \/>\n<meta name=\"twitter:card\" content=\"summary_large_image\" \/>\n<script type=\"application\/ld+json\" class=\"yoast-schema-graph\">{\"@context\":\"https:\/\/schema.org\",\"@graph\":[{\"@type\":\"WebSite\",\"@id\":\"https:\/\/encans.machineriesbst.com\/#website\",\"url\":\"https:\/\/encans.machineriesbst.com\/\",\"name\":\"Encans MachineriesBST\",\"description\":\"Encans de machineries et divers\",\"potentialAction\":[{\"@type\":\"SearchAction\",\"target\":\"https:\/\/encans.machineriesbst.com\/?s={search_term_string}\",\"query-input\":\"required name=search_term_string\"}],\"inLanguage\":\"en-CA\"},{\"@type\":\"ImageObject\",\"@id\":\"https:\/\/encans.machineriesbst.com\/product\/planeur-kingmark-52\/#primaryimage\",\"inLanguage\":\"en-CA\",\"url\":\"https:\/\/encans.machineriesbst.com\/wp-content\/uploads\/2024\/01\/20220927_103910-1024x488-1.jpg\",\"width\":1024,\"height\":488},{\"@type\":\"WebPage\",\"@id\":\"https:\/\/encans.machineriesbst.com\/product\/planeur-kingmark-52\/#webpage\",\"url\":\"https:\/\/encans.machineriesbst.com\/product\/planeur-kingmark-52\/\",\"name\":\"Planeur KINGMARK 52'' - Encans MachineriesBST\",\"isPartOf\":{\"@id\":\"https:\/\/encans.machineriesbst.com\/#website\"},\"primaryImageOfPage\":{\"@id\":\"https:\/\/encans.machineriesbst.com\/product\/planeur-kingmark-52\/#primaryimage\"},\"datePublished\":\"2024-01-02T20:02:15+00:00\",\"dateModified\":\"2024-03-14T19:45:47+00:00\",\"breadcrumb\":{\"@id\":\"https:\/\/encans.machineriesbst.com\/product\/planeur-kingmark-52\/#breadcrumb\"},\"inLanguage\":\"en-CA\",\"potentialAction\":[{\"@type\":\"ReadAction\",\"target\":[\"https:\/\/encans.machineriesbst.com\/product\/planeur-kingmark-52\/\"]}]},{\"@type\":\"BreadcrumbList\",\"@id\":\"https:\/\/encans.machineriesbst.com\/product\/planeur-kingmark-52\/#breadcrumb\",\"itemListElement\":[{\"@type\":\"ListItem\",\"position\":1,\"item\":{\"@type\":\"WebPage\",\"@id\":\"https:\/\/encans.machineriesbst.com\/\",\"url\":\"https:\/\/encans.machineriesbst.com\/\",\"name\":\"Accueil\"}},{\"@type\":\"ListItem\",\"position\":2,\"item\":{\"@type\":\"WebPage\",\"@id\":\"https:\/\/encans.machineriesbst.com\/shop\/\",\"url\":\"https:\/\/encans.machineriesbst.com\/shop\/\",\"name\":\"Shop\"}},{\"@type\":\"ListItem\",\"position\":3,\"item\":{\"@type\":\"WebPage\",\"@id\":\"https:\/\/encans.machineriesbst.com\/product\/planeur-kingmark-52\/\",\"url\":\"https:\/\/encans.machineriesbst.com\/product\/planeur-kingmark-52\/\",\"name\":\"Planeur KINGMARK 52''\"}}]}]}<\/script>\n<!-- \/ Yoast SEO plugin. -->","_links":{"self":[{"href":"https:\/\/encans.machineriesbst.com\/en\/wp-json\/wp\/v2\/product\/757"}],"collection":[{"href":"https:\/\/encans.machineriesbst.com\/en\/wp-json\/wp\/v2\/product"}],"about":[{"href":"https:\/\/encans.machineriesbst.com\/en\/wp-json\/wp\/v2\/types\/product"}],"replies":[{"embeddable":true,"href":"https:\/\/encans.machineriesbst.com\/en\/wp-json\/wp\/v2\/comments?post=757"}],"wp:featuredmedia":[{"embeddable":true,"href":"https:\/\/encans.machineriesbst.com\/en\/wp-json\/wp\/v2\/media\/758"}],"wp:attachment":[{"href":"https:\/\/encans.machineriesbst.com\/en\/wp-json\/wp\/v2\/media?parent=757"}],"curies":[{"name":"wp","href":"https:\/\/api.w.org\/{rel}","templated":true}]}}