{"id":753,"date":"2024-01-02T14:43:57","date_gmt":"2024-01-02T19:43:57","guid":{"rendered":"https:\/\/encans.machineriesbst.com\/?post_type=product&#038;p=753"},"modified":"2024-03-14T14:07:29","modified_gmt":"2024-03-14T18:07:29","slug":"machine-a-queue-darronde-omec-750-3","status":"publish","type":"product","link":"https:\/\/encans.machineriesbst.com\/en\/product\/machine-a-queue-darronde-omec-750-3\/","title":{"rendered":"Omec 750 dovetail machine"},"content":{"rendered":"<p>Omec 750 dovetail machine<\/p>\n<ul>\n<li>Designed to make dovetail joints and parallel joints on drawers and various furniture components.<\/li>\n<li>The 750 model is equipped with 1 milling mandrel allowing the realization of recesses at different heights.<\/li>\n<li>The machine can work single male parts, single female parts and male and female parts at the same time.<\/li>\n<li>Video: http:\/\/youtu.be\/ocFreRXTnSk<\/li>\n<\/ul>\n<p>&nbsp;<\/p>","protected":false},"excerpt":{"rendered":"<p>Omec 750 dovetail machine Designed to make dovetail and parallel embeddings on drawers and various furniture components. The 750 model is equipped with 1 countersink chuck allowing the creation of embeddings at different heights. The machine can work single male parts, single female parts [\u2026]<\/p>","protected":false},"featured_media":754,"comment_status":"open","ping_status":"closed","template":"","meta":[],"yoast_head":"<!-- This site is optimized with the Yoast SEO plugin v15.9.1 - https:\/\/yoast.com\/wordpress\/plugins\/seo\/ -->\n<title>Machine \u00e0 queue d&#039;arronde Omec 750 - Encans MachineriesBST<\/title>\n<link rel=\"canonical\" href=\"https:\/\/encans.machineriesbst.com\/en\/product\/machine-a-queue-darronde-omec-750-3\/\" \/>\n<meta property=\"og:locale\" content=\"en_US\" \/>\n<meta property=\"og:type\" content=\"article\" \/>\n<meta property=\"og:title\" content=\"Machine \u00e0 queue d&#039;arronde Omec 750 - Encans MachineriesBST\" \/>\n<meta property=\"og:description\" content=\"machine \u00e0 queue d&#039;arronde Omec 750 Con\u00e7ue pour r\u00e9aliser les encastrements en queue d\u2019aronde et des encastrements parall\u00e8les sur des tiroirs et diverses composantes \u00a0de meubles. Le mod\u00e8le 750 est pourvu de 1 mandrin \u00e0 fraise permettant la r\u00e9alisation d\u2019encastrements \u00e0 diff\u00e9rentes hauteurs. La machine peut travailler des pi\u00e8ces simples m\u00e2les, des pi\u00e8ces simples femelles [&hellip;]\" \/>\n<meta property=\"og:url\" content=\"https:\/\/encans.machineriesbst.com\/en\/product\/machine-a-queue-darronde-omec-750-3\/\" \/>\n<meta property=\"og:site_name\" content=\"Encans MachineriesBST\" \/>\n<meta property=\"article:modified_time\" content=\"2024-03-14T18:07:29+00:00\" \/>\n<meta property=\"og:image\" content=\"https:\/\/encans.machineriesbst.com\/wp-content\/uploads\/2024\/01\/queue-arrode-1.jpg\" \/>\n\t<meta property=\"og:image:width\" content=\"1024\" \/>\n\t<meta property=\"og:image:height\" content=\"768\" \/>\n<meta name=\"twitter:card\" content=\"summary_large_image\" \/>\n<meta name=\"twitter:label1\" content=\"Est. reading time\">\n\t<meta name=\"twitter:data1\" content=\"1 minute\">\n<script type=\"application\/ld+json\" class=\"yoast-schema-graph\">{\"@context\":\"https:\/\/schema.org\",\"@graph\":[{\"@type\":\"WebSite\",\"@id\":\"https:\/\/encans.machineriesbst.com\/#website\",\"url\":\"https:\/\/encans.machineriesbst.com\/\",\"name\":\"Encans MachineriesBST\",\"description\":\"Encans de machineries et divers\",\"potentialAction\":[{\"@type\":\"SearchAction\",\"target\":\"https:\/\/encans.machineriesbst.com\/?s={search_term_string}\",\"query-input\":\"required name=search_term_string\"}],\"inLanguage\":\"en-CA\"},{\"@type\":\"ImageObject\",\"@id\":\"https:\/\/encans.machineriesbst.com\/product\/machine-a-queue-darronde-omec-750-3\/#primaryimage\",\"inLanguage\":\"en-CA\",\"url\":\"https:\/\/encans.machineriesbst.com\/wp-content\/uploads\/2024\/01\/queue-arrode-1.jpg\",\"width\":1024,\"height\":768},{\"@type\":\"WebPage\",\"@id\":\"https:\/\/encans.machineriesbst.com\/product\/machine-a-queue-darronde-omec-750-3\/#webpage\",\"url\":\"https:\/\/encans.machineriesbst.com\/product\/machine-a-queue-darronde-omec-750-3\/\",\"name\":\"Machine \\u00e0 queue d'arronde Omec 750 - Encans MachineriesBST\",\"isPartOf\":{\"@id\":\"https:\/\/encans.machineriesbst.com\/#website\"},\"primaryImageOfPage\":{\"@id\":\"https:\/\/encans.machineriesbst.com\/product\/machine-a-queue-darronde-omec-750-3\/#primaryimage\"},\"datePublished\":\"2024-01-02T19:43:57+00:00\",\"dateModified\":\"2024-03-14T18:07:29+00:00\",\"breadcrumb\":{\"@id\":\"https:\/\/encans.machineriesbst.com\/product\/machine-a-queue-darronde-omec-750-3\/#breadcrumb\"},\"inLanguage\":\"en-CA\",\"potentialAction\":[{\"@type\":\"ReadAction\",\"target\":[\"https:\/\/encans.machineriesbst.com\/product\/machine-a-queue-darronde-omec-750-3\/\"]}]},{\"@type\":\"BreadcrumbList\",\"@id\":\"https:\/\/encans.machineriesbst.com\/product\/machine-a-queue-darronde-omec-750-3\/#breadcrumb\",\"itemListElement\":[{\"@type\":\"ListItem\",\"position\":1,\"item\":{\"@type\":\"WebPage\",\"@id\":\"https:\/\/encans.machineriesbst.com\/\",\"url\":\"https:\/\/encans.machineriesbst.com\/\",\"name\":\"Accueil\"}},{\"@type\":\"ListItem\",\"position\":2,\"item\":{\"@type\":\"WebPage\",\"@id\":\"https:\/\/encans.machineriesbst.com\/shop\/\",\"url\":\"https:\/\/encans.machineriesbst.com\/shop\/\",\"name\":\"Shop\"}},{\"@type\":\"ListItem\",\"position\":3,\"item\":{\"@type\":\"WebPage\",\"@id\":\"https:\/\/encans.machineriesbst.com\/product\/machine-a-queue-darronde-omec-750-3\/\",\"url\":\"https:\/\/encans.machineriesbst.com\/product\/machine-a-queue-darronde-omec-750-3\/\",\"name\":\"Machine \\u00e0 queue d'arronde Omec 750\"}}]}]}<\/script>\n<!-- \/ Yoast SEO plugin. -->","_links":{"self":[{"href":"https:\/\/encans.machineriesbst.com\/en\/wp-json\/wp\/v2\/product\/753"}],"collection":[{"href":"https:\/\/encans.machineriesbst.com\/en\/wp-json\/wp\/v2\/product"}],"about":[{"href":"https:\/\/encans.machineriesbst.com\/en\/wp-json\/wp\/v2\/types\/product"}],"replies":[{"embeddable":true,"href":"https:\/\/encans.machineriesbst.com\/en\/wp-json\/wp\/v2\/comments?post=753"}],"wp:featuredmedia":[{"embeddable":true,"href":"https:\/\/encans.machineriesbst.com\/en\/wp-json\/wp\/v2\/media\/754"}],"wp:attachment":[{"href":"https:\/\/encans.machineriesbst.com\/en\/wp-json\/wp\/v2\/media?parent=753"}],"curies":[{"name":"wp","href":"https:\/\/api.w.org\/{rel}","templated":true}]}}