{"id":713,"date":"2024-01-02T12:36:42","date_gmt":"2024-01-02T17:36:42","guid":{"rendered":"https:\/\/encans.machineriesbst.com\/?post_type=product&#038;p=713"},"modified":"2024-11-25T05:33:33","modified_gmt":"2024-11-25T10:33:33","slug":"four-pour-thermoformer-comptoir-en-corian","status":"publish","type":"product","link":"https:\/\/encans.machineriesbst.com\/en\/product\/four-pour-thermoformer-comptoir-en-corian\/","title":{"rendered":"Oven to thermoform Corian countertop"},"content":{"rendered":"<p>Furnace for Corian<\/p>\n<p>designed to thermoform the following materials:<\/p>\n<ul>\n<li>Acrylic resins (Avonite, Corian, Hanex, Hi-Macs, Krion, Kerrock, Betacryl, V-korr, etc.),<\/li>\n<li>Thermoplastics (ABS, PMMA, PETG, Kydex, etc.)<\/li>\n<\/ul>\n<p>14&#039; x 30&#039;&#039;<\/p>\n<p>600 volt<\/p>\n<p>Temperature 200 degree F @ 550 degree F<\/p>","protected":false},"excerpt":{"rendered":"<p>Furnace for Corian designed to thermoform the following materials: Acrylic resins (Avonite, Corian, Hanex, Hi-Macs, Krion, Kerrock, Betacryl, V-korr, etc.), Thermoplastics (ABS, PMMA, PETG, Kydex, etc.) .) 14&#039; x 30&#039;&#039; 600 volts Temperature 200 degree F @ 550 degree F<\/p>","protected":false},"featured_media":714,"comment_status":"open","ping_status":"closed","template":"","meta":[],"yoast_head":"<!-- This site is optimized with the Yoast SEO plugin v15.9.1 - https:\/\/yoast.com\/wordpress\/plugins\/seo\/ -->\n<title>Four pour thermoformer comptoir en Corian - Encans MachineriesBST<\/title>\n<link rel=\"canonical\" href=\"https:\/\/encans.machineriesbst.com\/en\/product\/four-pour-thermoformer-comptoir-en-corian\/\" \/>\n<meta property=\"og:locale\" content=\"en_US\" \/>\n<meta property=\"og:type\" content=\"article\" \/>\n<meta property=\"og:title\" content=\"Four pour thermoformer comptoir en Corian - Encans MachineriesBST\" \/>\n<meta property=\"og:description\" content=\"Four pour Corian con\u00e7ue pour thermoformer les mat\u00e9riaux suivants : Les r\u00e9sines acryliques (Avonite, Corian, Hanex, Hi-Macs, Krion, Kerrock, Betacryl, V-korr, etc.), Les thermoplastiques (ABS, PMMA, PETG, Kydex, etc.) 14&#039; x 30&#039;&#039; 600 volts Temperature\u00a0 de 200 degr\u00e9 F @ 550 degr\u00e9 F\" \/>\n<meta property=\"og:url\" content=\"https:\/\/encans.machineriesbst.com\/en\/product\/four-pour-thermoformer-comptoir-en-corian\/\" \/>\n<meta property=\"og:site_name\" content=\"Encans MachineriesBST\" \/>\n<meta property=\"article:modified_time\" content=\"2024-11-25T10:33:33+00:00\" \/>\n<meta property=\"og:image\" content=\"https:\/\/encans.machineriesbst.com\/wp-content\/uploads\/2024\/01\/20231128_144638-scaled.jpg\" \/>\n\t<meta property=\"og:image:width\" content=\"2560\" \/>\n\t<meta property=\"og:image:height\" content=\"1220\" \/>\n<meta name=\"twitter:card\" content=\"summary_large_image\" \/>\n<meta name=\"twitter:label1\" content=\"Est. reading time\">\n\t<meta name=\"twitter:data1\" content=\"1 minute\">\n<script type=\"application\/ld+json\" class=\"yoast-schema-graph\">{\"@context\":\"https:\/\/schema.org\",\"@graph\":[{\"@type\":\"WebSite\",\"@id\":\"https:\/\/encans.machineriesbst.com\/#website\",\"url\":\"https:\/\/encans.machineriesbst.com\/\",\"name\":\"Encans MachineriesBST\",\"description\":\"Encans de machineries et divers\",\"potentialAction\":[{\"@type\":\"SearchAction\",\"target\":\"https:\/\/encans.machineriesbst.com\/?s={search_term_string}\",\"query-input\":\"required name=search_term_string\"}],\"inLanguage\":\"en-CA\"},{\"@type\":\"ImageObject\",\"@id\":\"https:\/\/encans.machineriesbst.com\/product\/four-pour-thermoformer-comptoir-en-corian\/#primaryimage\",\"inLanguage\":\"en-CA\",\"url\":\"https:\/\/encans.machineriesbst.com\/wp-content\/uploads\/2024\/01\/20231128_144638-scaled.jpg\",\"width\":2560,\"height\":1220},{\"@type\":\"WebPage\",\"@id\":\"https:\/\/encans.machineriesbst.com\/product\/four-pour-thermoformer-comptoir-en-corian\/#webpage\",\"url\":\"https:\/\/encans.machineriesbst.com\/product\/four-pour-thermoformer-comptoir-en-corian\/\",\"name\":\"Four pour thermoformer comptoir en Corian - Encans MachineriesBST\",\"isPartOf\":{\"@id\":\"https:\/\/encans.machineriesbst.com\/#website\"},\"primaryImageOfPage\":{\"@id\":\"https:\/\/encans.machineriesbst.com\/product\/four-pour-thermoformer-comptoir-en-corian\/#primaryimage\"},\"datePublished\":\"2024-01-02T17:36:42+00:00\",\"dateModified\":\"2024-11-25T10:33:33+00:00\",\"breadcrumb\":{\"@id\":\"https:\/\/encans.machineriesbst.com\/product\/four-pour-thermoformer-comptoir-en-corian\/#breadcrumb\"},\"inLanguage\":\"en-CA\",\"potentialAction\":[{\"@type\":\"ReadAction\",\"target\":[\"https:\/\/encans.machineriesbst.com\/product\/four-pour-thermoformer-comptoir-en-corian\/\"]}]},{\"@type\":\"BreadcrumbList\",\"@id\":\"https:\/\/encans.machineriesbst.com\/product\/four-pour-thermoformer-comptoir-en-corian\/#breadcrumb\",\"itemListElement\":[{\"@type\":\"ListItem\",\"position\":1,\"item\":{\"@type\":\"WebPage\",\"@id\":\"https:\/\/encans.machineriesbst.com\/\",\"url\":\"https:\/\/encans.machineriesbst.com\/\",\"name\":\"Accueil\"}},{\"@type\":\"ListItem\",\"position\":2,\"item\":{\"@type\":\"WebPage\",\"@id\":\"https:\/\/encans.machineriesbst.com\/shop\/\",\"url\":\"https:\/\/encans.machineriesbst.com\/shop\/\",\"name\":\"Shop\"}},{\"@type\":\"ListItem\",\"position\":3,\"item\":{\"@type\":\"WebPage\",\"@id\":\"https:\/\/encans.machineriesbst.com\/product\/four-pour-thermoformer-comptoir-en-corian\/\",\"url\":\"https:\/\/encans.machineriesbst.com\/product\/four-pour-thermoformer-comptoir-en-corian\/\",\"name\":\"Four pour thermoformer comptoir en Corian\"}}]}]}<\/script>\n<!-- \/ Yoast SEO plugin. -->","_links":{"self":[{"href":"https:\/\/encans.machineriesbst.com\/en\/wp-json\/wp\/v2\/product\/713"}],"collection":[{"href":"https:\/\/encans.machineriesbst.com\/en\/wp-json\/wp\/v2\/product"}],"about":[{"href":"https:\/\/encans.machineriesbst.com\/en\/wp-json\/wp\/v2\/types\/product"}],"replies":[{"embeddable":true,"href":"https:\/\/encans.machineriesbst.com\/en\/wp-json\/wp\/v2\/comments?post=713"}],"wp:featuredmedia":[{"embeddable":true,"href":"https:\/\/encans.machineriesbst.com\/en\/wp-json\/wp\/v2\/media\/714"}],"wp:attachment":[{"href":"https:\/\/encans.machineriesbst.com\/en\/wp-json\/wp\/v2\/media?parent=713"}],"curies":[{"name":"wp","href":"https:\/\/api.w.org\/{rel}","templated":true}]}}