{"id":701,"date":"2023-12-22T08:55:09","date_gmt":"2023-12-22T13:55:09","guid":{"rendered":"https:\/\/encans.machineriesbst.com\/?post_type=product&#038;p=701"},"modified":"2024-03-20T08:59:35","modified_gmt":"2024-03-20T12:59:35","slug":"banc-de-scie-table-coulissante-sicard-3200","status":"publish","type":"product","link":"https:\/\/encans.machineriesbst.com\/en\/product\/banc-de-scie-table-coulissante-sicard-3200\/","title":{"rendered":"Bench saw Sliding table Sicard 3200"},"content":{"rendered":"<p>7.5 HP main motor with 0.8 HP scoring motor<\/p>\n<p>Electric lift and tilt!<\/p>\n<p>Saw speeds: 4000, 5000, 6000\/rpm<\/p>\n<p>Dial diameter: 400 mm (16&quot;)<\/p>\n<p>Scoring blade diameter: 100 mm (4&quot;)<\/p>\n<p>Maximum cutting height at 90\u00b0: 130 mm (5-1\/8&quot;)<\/p>\n<p>Max. Blade tip: 45\u00b0<\/p>\n<p>Max cutting height at 45\u00b0: 90 mm (3.5&quot;)<\/p>\n<p>Maximum cutting height of the scoring blade @ 90\u00b0: 5mm<\/p>\n<p>Max. cutting height of the scoring blade @ 45\u00b0: 3.5 mm<\/p>\n<p>Table height: 900 mm (35.5&quot;)<\/p>\n<p>Sliding table size: 360x3200mm<\/p>\n<p>Max. Cutting width: 1300 mm (51+&quot;)<\/p>","protected":false},"excerpt":{"rendered":"<p>7.5 HP main motor with 0.8 HP scoring motor Electric lift and tilt! Saw speeds: 4000, 5000, 6000\/rpm Dial diameter: 400 mm (16&quot;) Scoring blade diameter: 100 mm (4&quot;) Maximum cutting height at 90\u00b0: 130 mm (5 -1\/8&quot;) Max. Blade tip: 45\u00b0 [\u2026]<\/p>","protected":false},"featured_media":702,"comment_status":"open","ping_status":"closed","template":"","meta":[],"yoast_head":"<!-- This site is optimized with the Yoast SEO plugin v15.9.1 - https:\/\/yoast.com\/wordpress\/plugins\/seo\/ -->\n<title>Banc de scie Table coulissante Sicard 3200 - Encans MachineriesBST<\/title>\n<link rel=\"canonical\" href=\"https:\/\/encans.machineriesbst.com\/en\/product\/banc-de-scie-table-coulissante-sicard-3200\/\" \/>\n<meta property=\"og:locale\" content=\"en_US\" \/>\n<meta property=\"og:type\" content=\"article\" \/>\n<meta property=\"og:title\" content=\"Banc de scie Table coulissante Sicard 3200 - Encans MachineriesBST\" \/>\n<meta property=\"og:description\" content=\"Moteur principal de 7,5\u00a0HP avec moteur d&#039;inciseur de 0,8\u00a0HP Levage et inclinaison \u00e9lectriques\u00a0! Vitesses de scie : 4 000, 5 000, 6 000\/tr\/min Diam\u00e8tre du cadran : 400 mm (16&quot;) Diam\u00e8tre de la lame inciseur : 100 mm (4&quot;) Hauteur de coupe maximale \u00e0 90\u00b0 : 130 mm (5-1\/8&quot;) Max. Pointe de lame : 45\u00b0 [&hellip;]\" \/>\n<meta property=\"og:url\" content=\"https:\/\/encans.machineriesbst.com\/en\/product\/banc-de-scie-table-coulissante-sicard-3200\/\" \/>\n<meta property=\"og:site_name\" content=\"Encans MachineriesBST\" \/>\n<meta property=\"article:modified_time\" content=\"2024-03-20T12:59:35+00:00\" \/>\n<meta property=\"og:image\" content=\"https:\/\/encans.machineriesbst.com\/wp-content\/uploads\/2023\/12\/20231128_142814-scaled.jpg\" \/>\n\t<meta property=\"og:image:width\" content=\"2560\" \/>\n\t<meta property=\"og:image:height\" content=\"1220\" \/>\n<meta name=\"twitter:card\" content=\"summary_large_image\" \/>\n<meta name=\"twitter:label1\" content=\"Est. reading time\">\n\t<meta name=\"twitter:data1\" content=\"1 minute\">\n<script type=\"application\/ld+json\" class=\"yoast-schema-graph\">{\"@context\":\"https:\/\/schema.org\",\"@graph\":[{\"@type\":\"WebSite\",\"@id\":\"https:\/\/encans.machineriesbst.com\/#website\",\"url\":\"https:\/\/encans.machineriesbst.com\/\",\"name\":\"Encans MachineriesBST\",\"description\":\"Encans de machineries et divers\",\"potentialAction\":[{\"@type\":\"SearchAction\",\"target\":\"https:\/\/encans.machineriesbst.com\/?s={search_term_string}\",\"query-input\":\"required name=search_term_string\"}],\"inLanguage\":\"en-CA\"},{\"@type\":\"ImageObject\",\"@id\":\"https:\/\/encans.machineriesbst.com\/product\/banc-de-scie-table-coulissante-sicard-3200\/#primaryimage\",\"inLanguage\":\"en-CA\",\"url\":\"https:\/\/encans.machineriesbst.com\/wp-content\/uploads\/2023\/12\/20231128_142814-scaled.jpg\",\"width\":2560,\"height\":1220},{\"@type\":\"WebPage\",\"@id\":\"https:\/\/encans.machineriesbst.com\/product\/banc-de-scie-table-coulissante-sicard-3200\/#webpage\",\"url\":\"https:\/\/encans.machineriesbst.com\/product\/banc-de-scie-table-coulissante-sicard-3200\/\",\"name\":\"Banc de scie Table coulissante Sicard 3200 - Encans MachineriesBST\",\"isPartOf\":{\"@id\":\"https:\/\/encans.machineriesbst.com\/#website\"},\"primaryImageOfPage\":{\"@id\":\"https:\/\/encans.machineriesbst.com\/product\/banc-de-scie-table-coulissante-sicard-3200\/#primaryimage\"},\"datePublished\":\"2023-12-22T13:55:09+00:00\",\"dateModified\":\"2024-03-20T12:59:35+00:00\",\"breadcrumb\":{\"@id\":\"https:\/\/encans.machineriesbst.com\/product\/banc-de-scie-table-coulissante-sicard-3200\/#breadcrumb\"},\"inLanguage\":\"en-CA\",\"potentialAction\":[{\"@type\":\"ReadAction\",\"target\":[\"https:\/\/encans.machineriesbst.com\/product\/banc-de-scie-table-coulissante-sicard-3200\/\"]}]},{\"@type\":\"BreadcrumbList\",\"@id\":\"https:\/\/encans.machineriesbst.com\/product\/banc-de-scie-table-coulissante-sicard-3200\/#breadcrumb\",\"itemListElement\":[{\"@type\":\"ListItem\",\"position\":1,\"item\":{\"@type\":\"WebPage\",\"@id\":\"https:\/\/encans.machineriesbst.com\/\",\"url\":\"https:\/\/encans.machineriesbst.com\/\",\"name\":\"Accueil\"}},{\"@type\":\"ListItem\",\"position\":2,\"item\":{\"@type\":\"WebPage\",\"@id\":\"https:\/\/encans.machineriesbst.com\/shop\/\",\"url\":\"https:\/\/encans.machineriesbst.com\/shop\/\",\"name\":\"Shop\"}},{\"@type\":\"ListItem\",\"position\":3,\"item\":{\"@type\":\"WebPage\",\"@id\":\"https:\/\/encans.machineriesbst.com\/product\/banc-de-scie-table-coulissante-sicard-3200\/\",\"url\":\"https:\/\/encans.machineriesbst.com\/product\/banc-de-scie-table-coulissante-sicard-3200\/\",\"name\":\"Banc de scie Table coulissante Sicard 3200\"}}]}]}<\/script>\n<!-- \/ Yoast SEO plugin. -->","_links":{"self":[{"href":"https:\/\/encans.machineriesbst.com\/en\/wp-json\/wp\/v2\/product\/701"}],"collection":[{"href":"https:\/\/encans.machineriesbst.com\/en\/wp-json\/wp\/v2\/product"}],"about":[{"href":"https:\/\/encans.machineriesbst.com\/en\/wp-json\/wp\/v2\/types\/product"}],"replies":[{"embeddable":true,"href":"https:\/\/encans.machineriesbst.com\/en\/wp-json\/wp\/v2\/comments?post=701"}],"wp:featuredmedia":[{"embeddable":true,"href":"https:\/\/encans.machineriesbst.com\/en\/wp-json\/wp\/v2\/media\/702"}],"wp:attachment":[{"href":"https:\/\/encans.machineriesbst.com\/en\/wp-json\/wp\/v2\/media?parent=701"}],"curies":[{"name":"wp","href":"https:\/\/api.w.org\/{rel}","templated":true}]}}