{"id":693,"date":"2023-12-22T08:45:52","date_gmt":"2023-12-22T13:45:52","guid":{"rendered":"https:\/\/encans.machineriesbst.com\/?post_type=product&#038;p=693"},"modified":"2024-05-08T11:14:59","modified_gmt":"2024-05-08T15:14:59","slug":"placeuse-de-chant-scm-minimax-me-35-edgebander","status":"publish","type":"product","link":"https:\/\/encans.machineriesbst.com\/en\/product\/placeuse-de-chant-scm-minimax-me-35-edgebander\/","title":{"rendered":"SCM Minimax ME 35 Edgebander edgebander"},"content":{"rendered":"<p>The Minimax ME 35 is a single-phase automatic edgebander offering great flexibility for both thin and thick edges, intended to bridge the gap between a traditional small and medium-sized edgebander for carpenters; to the more robust equipment used in the Classical product line. There is no competition in the US market for such a small and versatile machine, with such economical pre-milling or corner rounding units! This machine is intended for use with melamine, PVC and ABS edges up to 3 mm.<\/p>\n<p>Premiered at Xylexpo in Europe, the Minimax ME 35ETR won first place in the machine tool category for its ability to combine rounding and corner trimming functions in a single tool, a compact size machine with minimal space. This applied technology makes this edgebander a must-have product for small and medium-sized installations, the ideal machine for facing and cutting the front and back ends of panels, while rounding the front and back edges. all at an affordable price for every store.<\/p>\n<p>&nbsp;<\/p>\n<p>ME 35: Single-phase edgebander with automatic strip magazine, quick replacement of the glue pot and interior lighting. Comes with the following units (3mm radius tools): double pre-mill, end trim with RADIUS function, top\/bottom trim, profile scraping, glue scraping, polishing.<\/p>","protected":false},"excerpt":{"rendered":"<p>The Minimax ME 35 is a single-phase automatic edgebander offering great flexibility for thin and thick edges, intended to bridge the gap between a traditional small and medium-sized edgebander for carpenters; to the more robust equipment used in the Classical product line. There is no [\u2026]<\/p>","protected":false},"featured_media":694,"comment_status":"open","ping_status":"closed","template":"","meta":[],"yoast_head":"<!-- This site is optimized with the Yoast SEO plugin v15.9.1 - https:\/\/yoast.com\/wordpress\/plugins\/seo\/ -->\n<title>Plaqueuse de chant SCM Minimax ME 35 Edgebander - Encans MachineriesBST<\/title>\n<link rel=\"canonical\" href=\"https:\/\/encans.machineriesbst.com\/en\/product\/placeuse-de-chant-scm-minimax-me-35-edgebander\/\" \/>\n<meta property=\"og:locale\" content=\"en_US\" \/>\n<meta property=\"og:type\" content=\"article\" \/>\n<meta property=\"og:title\" content=\"Plaqueuse de chant SCM Minimax ME 35 Edgebander - Encans MachineriesBST\" \/>\n<meta property=\"og:description\" content=\"La Minimax ME 35 est une plaqueuse de chants automatique monophas\u00e9e offrant une grande flexibilit\u00e9 pour les chants fins et \u00e9pais, destin\u00e9e \u00e0 combler le foss\u00e9 entre une plaqueuse de chants traditionnelle de petite et moyenne taille pour les menuisiers ; aux \u00e9quipements plus robustes utilis\u00e9s dans la gamme de produits Classical. Il n&#039;y a [&hellip;]\" \/>\n<meta property=\"og:url\" content=\"https:\/\/encans.machineriesbst.com\/en\/product\/placeuse-de-chant-scm-minimax-me-35-edgebander\/\" \/>\n<meta property=\"og:site_name\" content=\"Encans MachineriesBST\" \/>\n<meta property=\"article:modified_time\" content=\"2024-05-08T15:14:59+00:00\" \/>\n<meta property=\"og:image\" content=\"https:\/\/encans.machineriesbst.com\/wp-content\/uploads\/2023\/12\/20231128_143134-scaled.jpg\" \/>\n\t<meta property=\"og:image:width\" content=\"2560\" \/>\n\t<meta property=\"og:image:height\" content=\"1220\" \/>\n<meta name=\"twitter:card\" content=\"summary_large_image\" \/>\n<meta name=\"twitter:label1\" content=\"Est. reading time\">\n\t<meta name=\"twitter:data1\" content=\"2 minutes\">\n<script type=\"application\/ld+json\" class=\"yoast-schema-graph\">{\"@context\":\"https:\/\/schema.org\",\"@graph\":[{\"@type\":\"WebSite\",\"@id\":\"https:\/\/encans.machineriesbst.com\/#website\",\"url\":\"https:\/\/encans.machineriesbst.com\/\",\"name\":\"Encans MachineriesBST\",\"description\":\"Encans de machineries et divers\",\"potentialAction\":[{\"@type\":\"SearchAction\",\"target\":\"https:\/\/encans.machineriesbst.com\/?s={search_term_string}\",\"query-input\":\"required name=search_term_string\"}],\"inLanguage\":\"en-CA\"},{\"@type\":\"ImageObject\",\"@id\":\"https:\/\/encans.machineriesbst.com\/product\/placeuse-de-chant-scm-minimax-me-35-edgebander\/#primaryimage\",\"inLanguage\":\"en-CA\",\"url\":\"https:\/\/encans.machineriesbst.com\/wp-content\/uploads\/2023\/12\/20231128_143134-scaled.jpg\",\"width\":2560,\"height\":1220},{\"@type\":\"WebPage\",\"@id\":\"https:\/\/encans.machineriesbst.com\/product\/placeuse-de-chant-scm-minimax-me-35-edgebander\/#webpage\",\"url\":\"https:\/\/encans.machineriesbst.com\/product\/placeuse-de-chant-scm-minimax-me-35-edgebander\/\",\"name\":\"Plaqueuse de chant SCM Minimax ME 35 Edgebander - Encans MachineriesBST\",\"isPartOf\":{\"@id\":\"https:\/\/encans.machineriesbst.com\/#website\"},\"primaryImageOfPage\":{\"@id\":\"https:\/\/encans.machineriesbst.com\/product\/placeuse-de-chant-scm-minimax-me-35-edgebander\/#primaryimage\"},\"datePublished\":\"2023-12-22T13:45:52+00:00\",\"dateModified\":\"2024-05-08T15:14:59+00:00\",\"breadcrumb\":{\"@id\":\"https:\/\/encans.machineriesbst.com\/product\/placeuse-de-chant-scm-minimax-me-35-edgebander\/#breadcrumb\"},\"inLanguage\":\"en-CA\",\"potentialAction\":[{\"@type\":\"ReadAction\",\"target\":[\"https:\/\/encans.machineriesbst.com\/product\/placeuse-de-chant-scm-minimax-me-35-edgebander\/\"]}]},{\"@type\":\"BreadcrumbList\",\"@id\":\"https:\/\/encans.machineriesbst.com\/product\/placeuse-de-chant-scm-minimax-me-35-edgebander\/#breadcrumb\",\"itemListElement\":[{\"@type\":\"ListItem\",\"position\":1,\"item\":{\"@type\":\"WebPage\",\"@id\":\"https:\/\/encans.machineriesbst.com\/\",\"url\":\"https:\/\/encans.machineriesbst.com\/\",\"name\":\"Accueil\"}},{\"@type\":\"ListItem\",\"position\":2,\"item\":{\"@type\":\"WebPage\",\"@id\":\"https:\/\/encans.machineriesbst.com\/shop\/\",\"url\":\"https:\/\/encans.machineriesbst.com\/shop\/\",\"name\":\"Shop\"}},{\"@type\":\"ListItem\",\"position\":3,\"item\":{\"@type\":\"WebPage\",\"@id\":\"https:\/\/encans.machineriesbst.com\/product\/placeuse-de-chant-scm-minimax-me-35-edgebander\/\",\"url\":\"https:\/\/encans.machineriesbst.com\/product\/placeuse-de-chant-scm-minimax-me-35-edgebander\/\",\"name\":\"Plaqueuse de chant SCM Minimax ME 35 Edgebander\"}}]}]}<\/script>\n<!-- \/ Yoast SEO plugin. -->","_links":{"self":[{"href":"https:\/\/encans.machineriesbst.com\/en\/wp-json\/wp\/v2\/product\/693"}],"collection":[{"href":"https:\/\/encans.machineriesbst.com\/en\/wp-json\/wp\/v2\/product"}],"about":[{"href":"https:\/\/encans.machineriesbst.com\/en\/wp-json\/wp\/v2\/types\/product"}],"replies":[{"embeddable":true,"href":"https:\/\/encans.machineriesbst.com\/en\/wp-json\/wp\/v2\/comments?post=693"}],"wp:featuredmedia":[{"embeddable":true,"href":"https:\/\/encans.machineriesbst.com\/en\/wp-json\/wp\/v2\/media\/694"}],"wp:attachment":[{"href":"https:\/\/encans.machineriesbst.com\/en\/wp-json\/wp\/v2\/media?parent=693"}],"curies":[{"name":"wp","href":"https:\/\/api.w.org\/{rel}","templated":true}]}}