{"id":584,"date":"2023-04-30T13:40:08","date_gmt":"2023-04-30T17:40:08","guid":{"rendered":"https:\/\/encans.machineriesbst.com\/?post_type=product&#038;p=584"},"modified":"2023-05-17T10:02:50","modified_gmt":"2023-05-17T14:02:50","slug":"sableuse-a-bande-large-heesemann","status":"publish","type":"product","link":"https:\/\/encans.machineriesbst.com\/en\/product\/sableuse-a-bande-large-heesemann\/","title":{"rendered":"Heesemann Wide Belt Sandblaster"},"content":{"rendered":"<div id=\"text_block-162-415\" class=\"ct-text-block\">Brand :\u00a0<span id=\"span-163-415\" class=\"ct-span\">Heesemann<\/span><\/div>\n<div id=\"text_block-120-415\" class=\"ct-text-block\">Model:\u00a0<span id=\"span-121-415\" class=\"ct-span\">MFA 8<\/span><\/div>\n<div id=\"text_block-126-415\" class=\"ct-text-block\">Condition :\u00a0<span id=\"span-127-415\" class=\"ct-span\">Good<\/span><\/div>\n<div id=\"text_block-130-415\" class=\"ct-text-block\">Year :\u00a0<span id=\"span-131-415\" class=\"ct-span\">2002<\/span><\/div>\n<div id=\"text_block-134-415\" class=\"ct-text-block\"><\/div>\n<div>51&quot; width. 25hp motor. One Station. Paper size (103&quot; x 52&quot;). Sanding work 1\/8&quot; x 3-1\/8&quot;. Size 8&#039;x8&#039;. Weight of 9,000lls<\/div>\n<div><\/div>\n<div>Handling costs at the end of the auction to be discussed because the sandblaster is heavy and requires a specialized team (rigger)<\/div>","protected":false},"excerpt":{"rendered":"<p>Brand: Heesemann Model: MFA 8 Condition: Good Year: 2002 Width of 51&quot;. 25hp motor. One Station. Paper size (103&quot; x 52&quot;). Sanding work 1\/8&quot; x 3-1\/8&quot; Dimension 8&#039;x8&#039; .Weight of 9,000lls Handling costs at the end of the auction to be discussed because the sandblaster is heavy and requires a specialized team [\u2026]<\/p>","protected":false},"featured_media":585,"comment_status":"open","ping_status":"closed","template":"","meta":[],"yoast_head":"<!-- This site is optimized with the Yoast SEO plugin v15.9.1 - https:\/\/yoast.com\/wordpress\/plugins\/seo\/ -->\n<title>Sableuse \u00e0 Bande Large Heesemann - Encans MachineriesBST<\/title>\n<link rel=\"canonical\" href=\"https:\/\/encans.machineriesbst.com\/en\/product\/sableuse-a-bande-large-heesemann\/\" \/>\n<meta property=\"og:locale\" content=\"en_US\" \/>\n<meta property=\"og:type\" content=\"article\" \/>\n<meta property=\"og:title\" content=\"Sableuse \u00e0 Bande Large Heesemann - Encans MachineriesBST\" \/>\n<meta property=\"og:description\" content=\"Marque :\u00a0Heesemann Model :\u00a0MFA 8 Condition :\u00a0Bonne Ann\u00e9e :\u00a02002 Largeur de 51&quot;. Moteur de 25hp. Une Station .Dimension du papier ( 103&quot; x 52&quot; )\u00a0 .Travail se sablage 1\/8&quot; x 3-1\/8&quot; . Dimension 8&#039;x8&#039; .Poids de 9,000lls Frais de manutention \u00e0 la fin de l&#039;encan \u00e0 discut\u00e9 car la sableuse est pesante besoin \u00e9quipe sp\u00e9cialis\u00e9e [&hellip;]\" \/>\n<meta property=\"og:url\" content=\"https:\/\/encans.machineriesbst.com\/en\/product\/sableuse-a-bande-large-heesemann\/\" \/>\n<meta property=\"og:site_name\" content=\"Encans MachineriesBST\" \/>\n<meta property=\"article:modified_time\" content=\"2023-05-17T14:02:50+00:00\" \/>\n<meta property=\"og:image\" content=\"https:\/\/encans.machineriesbst.com\/wp-content\/uploads\/2023\/04\/HEES-1.jpg\" \/>\n\t<meta property=\"og:image:width\" content=\"480\" \/>\n\t<meta property=\"og:image:height\" content=\"640\" \/>\n<meta name=\"twitter:card\" content=\"summary_large_image\" \/>\n<meta name=\"twitter:label1\" content=\"Est. reading time\">\n\t<meta name=\"twitter:data1\" content=\"1 minute\">\n<script type=\"application\/ld+json\" class=\"yoast-schema-graph\">{\"@context\":\"https:\/\/schema.org\",\"@graph\":[{\"@type\":\"WebSite\",\"@id\":\"https:\/\/encans.machineriesbst.com\/#website\",\"url\":\"https:\/\/encans.machineriesbst.com\/\",\"name\":\"Encans MachineriesBST\",\"description\":\"Encans de machineries et divers\",\"potentialAction\":[{\"@type\":\"SearchAction\",\"target\":\"https:\/\/encans.machineriesbst.com\/?s={search_term_string}\",\"query-input\":\"required name=search_term_string\"}],\"inLanguage\":\"en-CA\"},{\"@type\":\"ImageObject\",\"@id\":\"https:\/\/encans.machineriesbst.com\/product\/sableuse-a-bande-large-heesemann\/#primaryimage\",\"inLanguage\":\"en-CA\",\"url\":\"https:\/\/encans.machineriesbst.com\/wp-content\/uploads\/2023\/04\/HEES-1.jpg\",\"width\":480,\"height\":640},{\"@type\":\"WebPage\",\"@id\":\"https:\/\/encans.machineriesbst.com\/product\/sableuse-a-bande-large-heesemann\/#webpage\",\"url\":\"https:\/\/encans.machineriesbst.com\/product\/sableuse-a-bande-large-heesemann\/\",\"name\":\"Sableuse \\u00e0 Bande Large Heesemann - Encans MachineriesBST\",\"isPartOf\":{\"@id\":\"https:\/\/encans.machineriesbst.com\/#website\"},\"primaryImageOfPage\":{\"@id\":\"https:\/\/encans.machineriesbst.com\/product\/sableuse-a-bande-large-heesemann\/#primaryimage\"},\"datePublished\":\"2023-04-30T17:40:08+00:00\",\"dateModified\":\"2023-05-17T14:02:50+00:00\",\"breadcrumb\":{\"@id\":\"https:\/\/encans.machineriesbst.com\/product\/sableuse-a-bande-large-heesemann\/#breadcrumb\"},\"inLanguage\":\"en-CA\",\"potentialAction\":[{\"@type\":\"ReadAction\",\"target\":[\"https:\/\/encans.machineriesbst.com\/product\/sableuse-a-bande-large-heesemann\/\"]}]},{\"@type\":\"BreadcrumbList\",\"@id\":\"https:\/\/encans.machineriesbst.com\/product\/sableuse-a-bande-large-heesemann\/#breadcrumb\",\"itemListElement\":[{\"@type\":\"ListItem\",\"position\":1,\"item\":{\"@type\":\"WebPage\",\"@id\":\"https:\/\/encans.machineriesbst.com\/\",\"url\":\"https:\/\/encans.machineriesbst.com\/\",\"name\":\"Accueil\"}},{\"@type\":\"ListItem\",\"position\":2,\"item\":{\"@type\":\"WebPage\",\"@id\":\"https:\/\/encans.machineriesbst.com\/shop\/\",\"url\":\"https:\/\/encans.machineriesbst.com\/shop\/\",\"name\":\"Shop\"}},{\"@type\":\"ListItem\",\"position\":3,\"item\":{\"@type\":\"WebPage\",\"@id\":\"https:\/\/encans.machineriesbst.com\/product\/sableuse-a-bande-large-heesemann\/\",\"url\":\"https:\/\/encans.machineriesbst.com\/product\/sableuse-a-bande-large-heesemann\/\",\"name\":\"Sableuse \\u00e0 Bande Large Heesemann\"}}]}]}<\/script>\n<!-- \/ Yoast SEO plugin. -->","_links":{"self":[{"href":"https:\/\/encans.machineriesbst.com\/en\/wp-json\/wp\/v2\/product\/584"}],"collection":[{"href":"https:\/\/encans.machineriesbst.com\/en\/wp-json\/wp\/v2\/product"}],"about":[{"href":"https:\/\/encans.machineriesbst.com\/en\/wp-json\/wp\/v2\/types\/product"}],"replies":[{"embeddable":true,"href":"https:\/\/encans.machineriesbst.com\/en\/wp-json\/wp\/v2\/comments?post=584"}],"wp:featuredmedia":[{"embeddable":true,"href":"https:\/\/encans.machineriesbst.com\/en\/wp-json\/wp\/v2\/media\/585"}],"wp:attachment":[{"href":"https:\/\/encans.machineriesbst.com\/en\/wp-json\/wp\/v2\/media?parent=584"}],"curies":[{"name":"wp","href":"https:\/\/api.w.org\/{rel}","templated":true}]}}